{"id":7,"date":"2025-12-30T09:14:56","date_gmt":"2025-12-30T09:14:56","guid":{"rendered":"https:\/\/happy-agnesi.194-164-168-175.plesk.page\/?page_id=7"},"modified":"2025-12-30T11:20:10","modified_gmt":"2025-12-30T10:20:10","slug":"grupo-marina-alta","status":"publish","type":"page","link":"https:\/\/happy-agnesi.194-164-168-175.plesk.page\/","title":{"rendered":"Grupo Marina Alta"},"content":{"rendered":"\t\t<div data-elementor-type=\"wp-page\" data-elementor-id=\"7\" class=\"elementor elementor-7\" data-elementor-post-type=\"page\">\n\t\t\t\t<div class=\"elementor-element elementor-element-ca17145 e-flex e-con-boxed e-con e-parent\" data-id=\"ca17145\" data-element_type=\"container\" data-e-type=\"container\" data-settings=\"{&quot;background_background&quot;:&quot;classic&quot;}\">\n\t\t\t\t\t<div class=\"e-con-inner\">\n\t\t<div class=\"elementor-element elementor-element-b3ea259 e-con-full e-flex e-con e-child\" data-id=\"b3ea259\" data-element_type=\"container\" data-e-type=\"container\">\n\t\t\t\t<div class=\"elementor-element elementor-element-88ba3c9 elementor-widget elementor-widget-image\" data-id=\"88ba3c9\" data-element_type=\"widget\" data-e-type=\"widget\" data-widget_type=\"image.default\">\n\t\t\t\t\t\t\t\t\t\t\t\t\t\t\t<img fetchpriority=\"high\" decoding=\"async\" width=\"800\" height=\"799\" src=\"https:\/\/happy-agnesi.194-164-168-175.plesk.page\/wp-content\/uploads\/2025\/12\/logo-grupo-marina.png\" class=\"attachment-large size-large wp-image-16\" alt=\"\" srcset=\"https:\/\/happy-agnesi.194-164-168-175.plesk.page\/wp-content\/uploads\/2025\/12\/logo-grupo-marina.png 800w, https:\/\/happy-agnesi.194-164-168-175.plesk.page\/wp-content\/uploads\/2025\/12\/logo-grupo-marina-300x300.png 300w, https:\/\/happy-agnesi.194-164-168-175.plesk.page\/wp-content\/uploads\/2025\/12\/logo-grupo-marina-150x150.png 150w, https:\/\/happy-agnesi.194-164-168-175.plesk.page\/wp-content\/uploads\/2025\/12\/logo-grupo-marina-768x767.png 768w\" sizes=\"(max-width: 800px) 100vw, 800px\" \/>\t\t\t\t\t\t\t\t\t\t\t\t\t\t\t<\/div>\n\t\t\t\t<div class=\"elementor-element elementor-element-2333393 elementor-widget__width-initial elementor-widget elementor-widget-heading\" data-id=\"2333393\" data-element_type=\"widget\" data-e-type=\"widget\" data-widget_type=\"heading.default\">\n\t\t\t\t\t<p class=\"elementor-heading-title elementor-size-default\">Restaurantes, mas\u00edas y eventos con gastronom\u00eda de proximidad<\/p>\t\t\t\t<\/div>\n\t\t\t\t<\/div>\n\t\t<div class=\"elementor-element elementor-element-c1e6e50 e-con-full e-flex e-con e-child\" data-id=\"c1e6e50\" data-element_type=\"container\" data-e-type=\"container\">\n\t\t<div class=\"elementor-element elementor-element-7f4f15f e-con-full e-flex e-con e-child\" data-id=\"7f4f15f\" data-element_type=\"container\" data-e-type=\"container\" data-settings=\"{&quot;background_background&quot;:&quot;classic&quot;}\">\n\t\t\t\t<div class=\"elementor-element elementor-element-74b8911 elementor-align-justify elementor-widget elementor-widget-button\" data-id=\"74b8911\" data-element_type=\"widget\" data-e-type=\"widget\" data-widget_type=\"button.default\">\n\t\t\t\t\t\t\t\t\t\t<a class=\"elementor-button elementor-button-link elementor-size-sm\" href=\"#\">\n\t\t\t\t\t\t<span class=\"elementor-button-content-wrapper\">\n\t\t\t\t\t\t\t\t\t<span class=\"elementor-button-text\">Marina Alta 5<\/span>\n\t\t\t\t\t<\/span>\n\t\t\t\t\t<\/a>\n\t\t\t\t\t\t\t\t<\/div>\n\t\t\t\t<div class=\"elementor-element elementor-element-7c99eec elementor-align-justify elementor-widget elementor-widget-button\" data-id=\"7c99eec\" data-element_type=\"widget\" data-e-type=\"widget\" data-widget_type=\"button.default\">\n\t\t\t\t\t\t\t\t\t\t<a class=\"elementor-button elementor-button-link elementor-size-sm\" href=\"#\">\n\t\t\t\t\t\t<span class=\"elementor-button-content-wrapper\">\n\t\t\t\t\t\t\t\t\t<span class=\"elementor-button-text\">Restaurante Rac\u00f3 de L\u00b4Arnau<\/span>\n\t\t\t\t\t<\/span>\n\t\t\t\t\t<\/a>\n\t\t\t\t\t\t\t\t<\/div>\n\t\t\t\t<div class=\"elementor-element elementor-element-3cd3cf6 elementor-align-justify elementor-widget elementor-widget-button\" data-id=\"3cd3cf6\" data-element_type=\"widget\" data-e-type=\"widget\" data-widget_type=\"button.default\">\n\t\t\t\t\t\t\t\t\t\t<a class=\"elementor-button elementor-button-link elementor-size-sm\" href=\"#\">\n\t\t\t\t\t\t<span class=\"elementor-button-content-wrapper\">\n\t\t\t\t\t\t\t\t\t<span class=\"elementor-button-text\">Mas\u00eda del Olivar<\/span>\n\t\t\t\t\t<\/span>\n\t\t\t\t\t<\/a>\n\t\t\t\t\t\t\t\t<\/div>\n\t\t\t\t<div class=\"elementor-element elementor-element-130b07a elementor-align-justify elementor-widget elementor-widget-button\" data-id=\"130b07a\" data-element_type=\"widget\" data-e-type=\"widget\" data-widget_type=\"button.default\">\n\t\t\t\t\t\t\t\t\t\t<a class=\"elementor-button elementor-button-link elementor-size-sm\" href=\"#\">\n\t\t\t\t\t\t<span class=\"elementor-button-content-wrapper\">\n\t\t\t\t\t\t\t\t\t<span class=\"elementor-button-text\">Mas\u00eda Vistalegre<\/span>\n\t\t\t\t\t<\/span>\n\t\t\t\t\t<\/a>\n\t\t\t\t\t\t\t\t<\/div>\n\t\t\t\t<div class=\"elementor-element elementor-element-9ff4404 elementor-align-justify elementor-widget elementor-widget-button\" data-id=\"9ff4404\" data-element_type=\"widget\" data-e-type=\"widget\" data-widget_type=\"button.default\">\n\t\t\t\t\t\t\t\t\t\t<a class=\"elementor-button elementor-button-link elementor-size-sm\" href=\"#\">\n\t\t\t\t\t\t<span class=\"elementor-button-content-wrapper\">\n\t\t\t\t\t\t\t\t\t<span class=\"elementor-button-text\">Trabaja con nosotros<\/span>\n\t\t\t\t\t<\/span>\n\t\t\t\t\t<\/a>\n\t\t\t\t\t\t\t\t<\/div>\n\t\t\t\t<\/div>\n\t\t\t\t<\/div>\n\t\t\t\t\t<\/div>\n\t\t\t\t<\/div>\n\t\t\t\t<\/div>\n\t\t","protected":false},"excerpt":{"rendered":"<p>Restaurantes, mas\u00edas y eventos con gastronom\u00eda de proximidad Marina Alta 5 Restaurante Rac\u00f3 de L\u00b4Arnau Mas\u00eda del Olivar Mas\u00eda Vistalegre Trabaja con nosotros<\/p>\n","protected":false},"author":1,"featured_media":0,"parent":0,"menu_order":0,"comment_status":"closed","ping_status":"closed","template":"elementor_canvas","meta":{"footnotes":""},"class_list":["post-7","page","type-page","status-publish","hentry"],"_links":{"self":[{"href":"https:\/\/happy-agnesi.194-164-168-175.plesk.page\/index.php\/wp-json\/wp\/v2\/pages\/7","targetHints":{"allow":["GET"]}}],"collection":[{"href":"https:\/\/happy-agnesi.194-164-168-175.plesk.page\/index.php\/wp-json\/wp\/v2\/pages"}],"about":[{"href":"https:\/\/happy-agnesi.194-164-168-175.plesk.page\/index.php\/wp-json\/wp\/v2\/types\/page"}],"author":[{"embeddable":true,"href":"https:\/\/happy-agnesi.194-164-168-175.plesk.page\/index.php\/wp-json\/wp\/v2\/users\/1"}],"replies":[{"embeddable":true,"href":"https:\/\/happy-agnesi.194-164-168-175.plesk.page\/index.php\/wp-json\/wp\/v2\/comments?post=7"}],"version-history":[{"count":17,"href":"https:\/\/happy-agnesi.194-164-168-175.plesk.page\/index.php\/wp-json\/wp\/v2\/pages\/7\/revisions"}],"predecessor-version":[{"id":34,"href":"https:\/\/happy-agnesi.194-164-168-175.plesk.page\/index.php\/wp-json\/wp\/v2\/pages\/7\/revisions\/34"}],"wp:attachment":[{"href":"https:\/\/happy-agnesi.194-164-168-175.plesk.page\/index.php\/wp-json\/wp\/v2\/media?parent=7"}],"curies":[{"name":"wp","href":"https:\/\/api.w.org\/{rel}","templated":true}]}}